{"id":5498,"date":"2020-10-20T11:28:33","date_gmt":"2020-10-20T11:28:33","guid":{"rendered":"https:\/\/www.lvrtc.lv\/kontakti\/"},"modified":"2025-08-25T14:13:29","modified_gmt":"2025-08-25T14:13:29","slug":"contacts","status":"publish","type":"page","link":"https:\/\/www.lvrtc.lv\/en\/contacts\/","title":{"rendered":"Contacts"},"content":{"rendered":"<div class=\"wpb-content-wrapper\"><p>[vc_row][vc_column]\n<div class=\"lvrtc-contacts-global born-mt-none born-mb-none\">\n  <div class=\"born-container\">\n    <div class=\"desc\">\n      eParaksts customer service and technical assistance, as well TV broadcasting information    <\/div>\n    <div class=\"items-list\">\n\n      \n        <div class=\"item\">\n          <a href=\"tel:+37167108787\" target=\"\" rel=\"\">\n                              <span class=\"icon\">\n                    <img decoding=\"async\" src=\"https:\/\/www.lvrtc.lv\/wp-content\/uploads\/2020\/10\/icon-phone-1.svg\" alt=\"\" class=\"svg-convert\">                <\/span>\n                          <span>+371 67108787<\/span>\n          <\/a>\n        <\/div>\n\n      \n        <div class=\"item\">\n          <a href=\"mailto:info@lvrtc.lv\" target=\"\" rel=\"\">\n                              <span class=\"icon\">\n                    <img decoding=\"async\" src=\"https:\/\/www.lvrtc.lv\/wp-content\/uploads\/2020\/10\/icon-email-2.svg\" alt=\"\" class=\"svg-convert\">                <\/span>\n                          <span>info@lvrtc.lv<\/span>\n          <\/a>\n        <\/div>\n\n      \n    <\/div>\n  <\/div>\n<\/div>\n[vc_column_text css=&#8221;&#8221;]<\/p>\n<article class=\"text-token-text-primary w-full\" dir=\"auto\" data-testid=\"conversation-turn-2\" data-scroll-anchor=\"true\">\n<div class=\"text-base my-auto mx-auto py-5 [--thread-content-margin:--spacing(4)] @[37rem]:[--thread-content-margin:--spacing(6)] @[72rem]:[--thread-content-margin:--spacing(16)] px-(--thread-content-margin)\">\n<div class=\"[--thread-content-max-width:32rem] @[34rem]:[--thread-content-max-width:40rem] @[64rem]:[--thread-content-max-width:48rem] mx-auto flex max-w-(--thread-content-max-width) flex-1 text-base gap-4 md:gap-5 lg:gap-6 group\/turn-messages focus-visible:outline-hidden\" tabindex=\"-1\">\n<div class=\"group\/conversation-turn relative flex w-full min-w-0 flex-col agent-turn\">\n<div class=\"relative flex-col gap-1 md:gap-3\">\n<div class=\"flex max-w-full flex-col grow\">\n<div class=\"min-h-8 text-message relative flex w-full flex-col items-end gap-2 text-start break-words whitespace-normal [.text-message+&amp;]:mt-5\" dir=\"auto\" data-message-author-role=\"assistant\" data-message-id=\"f9fd2f66-0a94-4652-a929-bef1db6aca8f\" data-message-model-slug=\"gpt-4o\">\n<div class=\"flex w-full flex-col gap-1 empty:hidden first:pt-[3px]\">\n<div class=\"markdown prose dark:prose-invert w-full break-words dark\">\n<p class=\"\" data-start=\"0\" data-end=\"103\"><strong>We inform you that the Television Tower&#8217;s observation deck is closed during the tower&#8217;s reconstruction.<\/strong><\/p>\n<\/div>\n<\/div>\n<\/div>\n<\/div>\n<div class=\"flex justify-start\">\n<div class=\"touch:-me-2 touch:-ms-3.5 -ms-2.5 -me-1 flex items-center p-1 select-none -mt-1 duration-[1.5s] focus-within:transition-none hover:transition-none pointer-events-none [mask-image:linear-gradient(to_right,black_33%,transparent_66%)] [mask-position:100%_0%] [mask-size:300%_100%] motion-safe:transition-[mask-position] group-hover\/turn-messages:pointer-events-auto group-hover\/turn-messages:[mask-position:0_0] group-focus-within\/turn-messages:pointer-events-auto group-focus-within\/turn-messages:[mask-position:0_0] has-data-[state=open]:pointer-events-auto has-data-[state=open]:[mask-position:0_0]\"><\/div>\n<\/div>\n<\/div>\n<div class=\"absolute\">\n<div class=\"flex items-center justify-center\"><\/div>\n<\/div>\n<\/div>\n<\/div>\n<\/div>\n<\/article>\n<div class=\"pointer-events-none h-px w-px\" aria-hidden=\"true\" data-edge=\"true\"><\/div>\n<p>[\/vc_column_text][vc_column_text]<\/p>\n<h2><a href=\"https:\/\/latvija.lv\/eaddress\/write\">Contact us by e-Adress!<\/a><\/h2>\n<p>[\/vc_column_text][vc_single_image image=&#8221;4595&#8243; img_size=&#8221;medium&#8221; onclick=&#8221;custom_link&#8221; link=&#8221;https:\/\/www.latvija.lv\/lv\/Eaddress\/write?address=_default@40003011203&#8243;]\n<div class=\"lvrtc-table born-mt-none born-mb-none\">\n\n            <h2 class=\"tablepress-table-name tablepress-table-name-id-1\">eParaksts customer service call center working hours<\/h2>\n    \n    \n<table id=\"tablepress-41\" class=\"tablepress tablepress-id-41\">\n<thead>\n<tr class=\"row-1\">\n\t<th class=\"column-1\">Weekdays <\/th><th class=\"column-2\">9.00 - 18.00<\/th>\n<\/tr>\n<\/thead>\n<tbody class=\"row-striping row-hover\">\n<\/tbody>\n<\/table>\n\n<\/div>\n[vc_column_text css=&#8221;&#8221;]<\/p>\n<h2>Office<\/h2>\n<p>Phone: <a href=\"tel:+37167108704\">+371 67108704<\/a><br \/>\nE-mail: <a href=\"mailto:lvrtc@lvrtc.lv\">lvrtc@lvrtc.lv<\/a><\/p>\n<p>The LVRTC office is located in the territory of the <em>Gr\u012bzi\u0146d\u0101rzs<\/em> office complex in Zemit\u0101na Street 9 k-3, Riga, Latvia, LV-1012<\/p>\n<h3>Accessibility<\/h3>\n<p>There is an elevator in the building. Access is provided for people with mobility impairments and strollers.\u00a0The visit is possible only with prior appointment.[\/vc_column_text]\n\n<div class=\"lvrtc-accordion born-mt-none born-mb-none\">\n    <div class=\"title\">\n                <h2>Public transport<\/h2>\n            <\/div>\n    <ul class=\"born-reset\">\n\n                <li>\n            <button class=\"question collapsed\" data-toggle=\"collapse\" data-target=\"#collapse-953080\">\n                From city center                <span class=\"caret\"><\/span>\n            <\/button>\n            <div id=\"collapse-953080\" class=\"collapse\" data-parent=\"#accordionExample\">\n                <div class=\"desc\">\n                    Bus no. 3 and 6 -  bus stop \"P\u0113rnavas iela\" <br><br>\n\nBus no. 49 \u2013 bus stop \"Zemit\u0101na stacija\"<br><br>\n\nTrolleybus no. 13 \u2013 trolleybus stop \"Briv\u012bbas iela\"<br><br>\n\nTram no. 1 - stop \"P\u0113rnavas iela\"<br><br>\n\nTrain - station \"Zemit\u0101ni\"<br><br>                <\/div>\n            <\/div>\n        <\/li>\n                <li>\n            <button class=\"question collapsed\" data-toggle=\"collapse\" data-target=\"#collapse-953081\">\n                To city center                <span class=\"caret\"><\/span>\n            <\/button>\n            <div id=\"collapse-953081\" class=\"collapse\" data-parent=\"#accordionExample\">\n                <div class=\"desc\">\n                    Bus no. 3 and 6 \u2013 bus stop \"Br\u012bv\u012bbas iela\" <br> <br>\n\nBus no. 49 \u2013 bus stop \"Zemit\u0101na stacija\" <br><br>\n\nTrolleybus no. 13 - trolleybus stop \"Br\u012bv\u012bbas iela\"<br><br>\n\nTram no. 1 \u2013 tram stop \"P\u0113rnavas iela\" or \"Barona iela\"<br><br>\n\nTrain - station \"Zemit\u0101ni\"                 <\/div>\n            <\/div>\n        <\/li>\n        \n    <\/ul>\n<\/div>\n[\/vc_column][\/vc_row][vc_row][vc_column width=&#8221;1\/2&#8243;]\n<div class=\"lvrtc-contacts-list born-mt-none born-mb-none\">\n\n            <h2>For the Media<\/h2>\n    \n    <div class=\"items-list\">\n        <div class=\"item\">\n            <div class=\"avatar\">\n\n                \n                    \n                \n            <\/div>\n                        <div class=\"desc\">\n                                    Contacts for media representatives                            <\/div>\n            \n\n            <div class=\"contacts\">\n                                <div>\n                    Phone: <a href=\"tel:+371 29665001\">+371 29665001<\/a>\n                <\/div>\n                \n                                <div>\n                    E-mail: <a href=\"mailto:vineta.sprugaine@lvrtc.lv\">vineta.sprugaine@lvrtc.lv<\/a>\n                <\/div>\n                            <\/div>\n\n        <\/div>\n    <\/div>\n\n<\/div>[\/vc_column][vc_column width=&#8221;1\/2&#8243;]\n<div class=\"lvrtc-contacts-list born-mt-none born-mb-none\">\n\n            <h2>Personal data protection specialist<\/h2>\n    \n    <div class=\"items-list\">\n        <div class=\"item\">\n            <div class=\"avatar\">\n\n                \n                    \n                \n            <\/div>\n                        <div class=\"desc\">\n                                    Using this contact information or contacting the LVRTC registered office, you can ask a question about the processing of personal data.                            <\/div>\n            \n\n            <div class=\"contacts\">\n                \n                                <div>\n                    E-mail: <a href=\"mailto:info@lvrtc.lv\">info@lvrtc.lv<\/a>\n                <\/div>\n                            <\/div>\n\n        <\/div>\n    <\/div>\n\n<\/div>[\/vc_column][\/vc_row][vc_row][vc_column]\n<div class=\"lvrtc-requisites born-mt-none born-mb-none\">\n  <div class=\"born-container\">\n    <div class=\"title\">\n      <h2>Details<\/h2>\n    <\/div>\n\n    <div class=\"items-list\">\n\n      \n        <div class=\"item\">\n          <div class=\"col\">\n            Name          <\/div>\n          <div class=\"col is-data\">\n            VAS Latvijas Valsts radio un telev\u012bzijas centrs          <\/div>\n          <div class=\"col is-copy\">\n            <button class=\"copy\">Copy<\/button>\n            <span class=\"copied\">Copied<\/span>\n          <\/div>\n        <\/div>\n\n      \n        <div class=\"item\">\n          <div class=\"col\">\n            Registered address          <\/div>\n          <div class=\"col is-data\">\n            Zemit\u0101na Street 9 k-3, Riga, Latvia, LV-1012          <\/div>\n          <div class=\"col is-copy\">\n            <button class=\"copy\">Copy<\/button>\n            <span class=\"copied\">Copied<\/span>\n          <\/div>\n        <\/div>\n\n      \n        <div class=\"item\">\n          <div class=\"col\">\n            Unified reg. no          <\/div>\n          <div class=\"col is-data\">\n            40003011203          <\/div>\n          <div class=\"col is-copy\">\n            <button class=\"copy\">Copy<\/button>\n            <span class=\"copied\">Copied<\/span>\n          <\/div>\n        <\/div>\n\n      \n        <div class=\"item\">\n          <div class=\"col\">\n            VAT code          <\/div>\n          <div class=\"col is-data\">\n            LV40003011203          <\/div>\n          <div class=\"col is-copy\">\n            <button class=\"copy\">Copy<\/button>\n            <span class=\"copied\">Copied<\/span>\n          <\/div>\n        <\/div>\n\n      \n        <div class=\"item\">\n          <div class=\"col\">\n            Bank          <\/div>\n          <div class=\"col is-data\">\n            AS \u201cSwedbank\u201d; code: HABALV22          <\/div>\n          <div class=\"col is-copy\">\n            <button class=\"copy\">Copy<\/button>\n            <span class=\"copied\">Copied<\/span>\n          <\/div>\n        <\/div>\n\n      \n        <div class=\"item\">\n          <div class=\"col\">\n            Euro bank account          <\/div>\n          <div class=\"col is-data\">\n            LV42HABA0551048637971          <\/div>\n          <div class=\"col is-copy\">\n            <button class=\"copy\">Copy<\/button>\n            <span class=\"copied\">Copied<\/span>\n          <\/div>\n        <\/div>\n\n      \n    <\/div>\n  <\/div>\n<\/div>\n\n<script>\n\n  \/\/ Requisites copy to clipboard\n\n  jQuery(window).on('load', function() {\n\n    jQuery('.lvrtc-requisites .item').each(function() {\n\n      var data2 = jQuery(this).find('.is-data').text();\n\n      jQuery(this).find('.is-copy button.copy').on('click', function() {\n\n        jQuery('.lvrtc-requisites .item span.copied').css('display', 'none');\n\n        jQuery('.lvrtc-requisites .item button.copy').css('display', 'inline');\n\n        jQuery(this).css('display', 'none');\n\n        jQuery(this).siblings().css('display', 'inline');\n\n        var tmpElement = jQuery('<textarea style=\"opacity:0;position:fixed;\"><\/textarea>');\n\n        tmpElement.text(data2);\n        tmpElement.appendTo(jQuery('body')).focus().select();\n        document.execCommand('copy');\n        tmpElement.remove();\n\n      });\n\n    });\n\n  });\n\n<\/script>[\/vc_column][\/vc_row][vc_row][vc_column][vc_column_text css=&#8221;&#8221;]<em>Information updated on 08.05.2025.<\/em>[\/vc_column_text][\/vc_column][\/vc_row]<\/p>\n<\/div>","protected":false},"excerpt":{"rendered":"<p>[vc_row][vc_column][vc_column_text css=&#8221;&#8221;] We inform you that the Television Tower&#8217;s observation deck is closed during the tower&#8217;s reconstruction. [\/vc_column_text][vc_column_text] Contact us by e-Adress! [\/vc_column_text][vc_single_image image=&#8221;4595&#8243; img_size=&#8221;medium&#8221; onclick=&#8221;custom_link&#8221; link=&#8221;https:\/\/www.latvija.lv\/lv\/Eaddress\/write?address=_default@40003011203&#8243;][vc_column_text css=&#8221;&#8221;] Office Phone: +371 67108704 E-mail: lvrtc@lvrtc.lv The LVRTC office is located in the territory of the Gr\u012bzi\u0146d\u0101rzs office complex in Zemit\u0101na Street 9 k-3, Riga, Latvia, LV-1012<\/p>\n","protected":false},"author":1,"featured_media":0,"parent":0,"menu_order":0,"comment_status":"closed","ping_status":"closed","template":"","meta":{"_acf_changed":false,"inline_featured_image":false,"footnotes":""},"class_list":["post-5498","page","type-page","status-publish","hentry"],"acf":[],"yoast_head":"<!-- This site is optimized with the Yoast SEO plugin v27.3 - https:\/\/yoast.com\/product\/yoast-seo-wordpress\/ -->\n<title>Contacts - LVRTC<\/title>\n<meta name=\"robots\" content=\"index, follow, max-snippet:-1, max-image-preview:large, max-video-preview:-1\" \/>\n<link rel=\"canonical\" href=\"https:\/\/www.lvrtc.lv\/en\/contacts\/\" \/>\n<meta property=\"og:locale\" content=\"en_US\" \/>\n<meta property=\"og:type\" content=\"article\" \/>\n<meta property=\"og:title\" content=\"Contacts - LVRTC\" \/>\n<meta property=\"og:description\" content=\"[vc_row][vc_column][vc_column_text css=&#8221;&#8221;] We inform you that the Television Tower&#8217;s observation deck is closed during the tower&#8217;s reconstruction. [\/vc_column_text][vc_column_text] Contact us by e-Adress! [\/vc_column_text][vc_single_image image=&#8221;4595&#8243; img_size=&#8221;medium&#8221; onclick=&#8221;custom_link&#8221; link=&#8221;https:\/\/www.latvija.lv\/lv\/Eaddress\/write?address=_default@40003011203&#8243;][vc_column_text css=&#8221;&#8221;] Office Phone: +371 67108704 E-mail: lvrtc@lvrtc.lv The LVRTC office is located in the territory of the Gr\u012bzi\u0146d\u0101rzs office complex in Zemit\u0101na Street 9 k-3, Riga, Latvia, LV-1012\" \/>\n<meta property=\"og:url\" content=\"https:\/\/www.lvrtc.lv\/en\/contacts\/\" \/>\n<meta property=\"og:site_name\" content=\"LVRTC\" \/>\n<meta property=\"article:modified_time\" content=\"2025-08-25T14:13:29+00:00\" \/>\n<meta name=\"twitter:card\" content=\"summary_large_image\" \/>\n<meta name=\"twitter:label1\" content=\"Est. reading time\" \/>\n\t<meta name=\"twitter:data1\" content=\"1 minute\" \/>\n<script type=\"application\/ld+json\" class=\"yoast-schema-graph\">{\"@context\":\"https:\\\/\\\/schema.org\",\"@graph\":[{\"@type\":\"WebPage\",\"@id\":\"https:\\\/\\\/www.lvrtc.lv\\\/en\\\/contacts\\\/\",\"url\":\"https:\\\/\\\/www.lvrtc.lv\\\/en\\\/contacts\\\/\",\"name\":\"Contacts - LVRTC\",\"isPartOf\":{\"@id\":\"https:\\\/\\\/www.lvrtc.lv\\\/en\\\/#website\"},\"datePublished\":\"2020-10-20T11:28:33+00:00\",\"dateModified\":\"2025-08-25T14:13:29+00:00\",\"breadcrumb\":{\"@id\":\"https:\\\/\\\/www.lvrtc.lv\\\/en\\\/contacts\\\/#breadcrumb\"},\"inLanguage\":\"en-US\",\"potentialAction\":[{\"@type\":\"ReadAction\",\"target\":[\"https:\\\/\\\/www.lvrtc.lv\\\/en\\\/contacts\\\/\"]}]},{\"@type\":\"BreadcrumbList\",\"@id\":\"https:\\\/\\\/www.lvrtc.lv\\\/en\\\/contacts\\\/#breadcrumb\",\"itemListElement\":[{\"@type\":\"ListItem\",\"position\":1,\"name\":\"Home\",\"item\":\"https:\\\/\\\/www.lvrtc.lv\\\/en\\\/\"},{\"@type\":\"ListItem\",\"position\":2,\"name\":\"Contacts\"}]},{\"@type\":\"WebSite\",\"@id\":\"https:\\\/\\\/www.lvrtc.lv\\\/en\\\/#website\",\"url\":\"https:\\\/\\\/www.lvrtc.lv\\\/en\\\/\",\"name\":\"LVRTC\",\"description\":\"LVRTC\",\"potentialAction\":[{\"@type\":\"SearchAction\",\"target\":{\"@type\":\"EntryPoint\",\"urlTemplate\":\"https:\\\/\\\/www.lvrtc.lv\\\/en\\\/?s={search_term_string}\"},\"query-input\":{\"@type\":\"PropertyValueSpecification\",\"valueRequired\":true,\"valueName\":\"search_term_string\"}}],\"inLanguage\":\"en-US\"}]}<\/script>\n<!-- \/ Yoast SEO plugin. -->","yoast_head_json":{"title":"Contacts - LVRTC","robots":{"index":"index","follow":"follow","max-snippet":"max-snippet:-1","max-image-preview":"max-image-preview:large","max-video-preview":"max-video-preview:-1"},"canonical":"https:\/\/www.lvrtc.lv\/en\/contacts\/","og_locale":"en_US","og_type":"article","og_title":"Contacts - LVRTC","og_description":"[vc_row][vc_column][vc_column_text css=&#8221;&#8221;] We inform you that the Television Tower&#8217;s observation deck is closed during the tower&#8217;s reconstruction. [\/vc_column_text][vc_column_text] Contact us by e-Adress! [\/vc_column_text][vc_single_image image=&#8221;4595&#8243; img_size=&#8221;medium&#8221; onclick=&#8221;custom_link&#8221; link=&#8221;https:\/\/www.latvija.lv\/lv\/Eaddress\/write?address=_default@40003011203&#8243;][vc_column_text css=&#8221;&#8221;] Office Phone: +371 67108704 E-mail: lvrtc@lvrtc.lv The LVRTC office is located in the territory of the Gr\u012bzi\u0146d\u0101rzs office complex in Zemit\u0101na Street 9 k-3, Riga, Latvia, LV-1012","og_url":"https:\/\/www.lvrtc.lv\/en\/contacts\/","og_site_name":"LVRTC","article_modified_time":"2025-08-25T14:13:29+00:00","twitter_card":"summary_large_image","twitter_misc":{"Est. reading time":"1 minute"},"schema":{"@context":"https:\/\/schema.org","@graph":[{"@type":"WebPage","@id":"https:\/\/www.lvrtc.lv\/en\/contacts\/","url":"https:\/\/www.lvrtc.lv\/en\/contacts\/","name":"Contacts - LVRTC","isPartOf":{"@id":"https:\/\/www.lvrtc.lv\/en\/#website"},"datePublished":"2020-10-20T11:28:33+00:00","dateModified":"2025-08-25T14:13:29+00:00","breadcrumb":{"@id":"https:\/\/www.lvrtc.lv\/en\/contacts\/#breadcrumb"},"inLanguage":"en-US","potentialAction":[{"@type":"ReadAction","target":["https:\/\/www.lvrtc.lv\/en\/contacts\/"]}]},{"@type":"BreadcrumbList","@id":"https:\/\/www.lvrtc.lv\/en\/contacts\/#breadcrumb","itemListElement":[{"@type":"ListItem","position":1,"name":"Home","item":"https:\/\/www.lvrtc.lv\/en\/"},{"@type":"ListItem","position":2,"name":"Contacts"}]},{"@type":"WebSite","@id":"https:\/\/www.lvrtc.lv\/en\/#website","url":"https:\/\/www.lvrtc.lv\/en\/","name":"LVRTC","description":"LVRTC","potentialAction":[{"@type":"SearchAction","target":{"@type":"EntryPoint","urlTemplate":"https:\/\/www.lvrtc.lv\/en\/?s={search_term_string}"},"query-input":{"@type":"PropertyValueSpecification","valueRequired":true,"valueName":"search_term_string"}}],"inLanguage":"en-US"}]}},"_links":{"self":[{"href":"https:\/\/www.lvrtc.lv\/en\/wp-json\/wp\/v2\/pages\/5498","targetHints":{"allow":["GET"]}}],"collection":[{"href":"https:\/\/www.lvrtc.lv\/en\/wp-json\/wp\/v2\/pages"}],"about":[{"href":"https:\/\/www.lvrtc.lv\/en\/wp-json\/wp\/v2\/types\/page"}],"author":[{"embeddable":true,"href":"https:\/\/www.lvrtc.lv\/en\/wp-json\/wp\/v2\/users\/1"}],"replies":[{"embeddable":true,"href":"https:\/\/www.lvrtc.lv\/en\/wp-json\/wp\/v2\/comments?post=5498"}],"version-history":[{"count":26,"href":"https:\/\/www.lvrtc.lv\/en\/wp-json\/wp\/v2\/pages\/5498\/revisions"}],"predecessor-version":[{"id":34225,"href":"https:\/\/www.lvrtc.lv\/en\/wp-json\/wp\/v2\/pages\/5498\/revisions\/34225"}],"wp:attachment":[{"href":"https:\/\/www.lvrtc.lv\/en\/wp-json\/wp\/v2\/media?parent=5498"}],"curies":[{"name":"wp","href":"https:\/\/api.w.org\/{rel}","templated":true}]}}