{"id":3520,"date":"2020-10-02T09:32:35","date_gmt":"2020-10-02T09:32:35","guid":{"rendered":"https:\/\/www.lvrtc.lv\/sample-page\/"},"modified":"2026-01-14T09:36:28","modified_gmt":"2026-01-14T09:36:28","slug":"sample-page","status":"publish","type":"page","link":"https:\/\/www.lvrtc.lv\/en\/","title":{"rendered":"LVRTC"},"content":{"rendered":"<div class=\"wpb-content-wrapper\"><p>[vc_row][vc_column]\n<div class=\"lvrtc-categories has-parallax born-mt-none born-mb-none\">\n    <div class=\"bg-wrapper\">\n        <div class=\"bg\" style=\"background-image: url('https:\/\/www.lvrtc.lv\/wp-content\/uploads\/2020\/10\/photo-1-1-1.jpg');\">Openness \/ Growth \/ Responsibility<\/div>\n    <\/div>\n    <div class=\"born-container\">\n        <div class=\"content\">\n            <div class=\"title\">\n                <h1>Openness \/ Growth \/ Responsibility<\/h1>\n            <\/div>\n        <\/div>\n                    <div class=\"bg is-mobile\" style=\"background-image: url('https:\/\/www.lvrtc.lv\/wp-content\/uploads\/2020\/10\/photo-1-1-1.jpg');\">Openness \/ Growth \/ Responsibility<\/div>\n        \n    <\/div>\n    <div class=\"categories\" id=\"categories\">\n        <ul class=\"born-reset\">\n\n            \n                <li><a href=\"https:\/\/www.lvrtc.lv\/en\/services\/data-centers\/\" target=\"\" rel=\"\"><span>Data centers<\/span><\/a><\/li>\n\n            \n                <li><a href=\"https:\/\/www.lvrtc.lv\/en\/services\/data-transmission\/\" target=\"\" rel=\"\"><span>Data transmission<\/span><\/a><\/li>\n\n            \n                <li><a href=\"https:\/\/www.lvrtc.lv\/en\/services\/lease-of-optical-fibers\/\" target=\"\" rel=\"\"><span>Lease of optical fiber<\/span><\/a><\/li>\n\n            \n                <li><a href=\"https:\/\/www.lvrtc.lv\/en\/services\/tv-broadcasting\/\" target=\"\" rel=\"\"><span>TV broadcasting<\/span><\/a><\/li>\n\n            \n                <li><a href=\"https:\/\/www.eparaksts.lv\/en\/\" target=\"\" rel=\"\"><span>eSignature and e-Identity<\/span><\/a><\/li>\n\n            \n        <\/ul>\n    <\/div>\n<\/div>[\/vc_column][\/vc_row][vc_row disable_element=&#8221;yes&#8221;][vc_column]\n<div class=\"lvrtc-brands born-mt-none born-mb-none\">\n    <div class=\"born-container\">\n\n        <div class=\"slider\">\n\n            \n\n                <a href=\"#\" target=\"\" rel=\"\" class=\"brand\">\n                    <span>\n                        <img decoding=\"async\" src=\"https:\/\/www.lvrtc.lv\/wp-content\/uploads\/2020\/10\/brand-lr-200x102.png\" alt=\"\">                    <\/span>\n                <\/a>\n\n\n            \n\n                <a href=\"#\" target=\"\" rel=\"\" class=\"brand\">\n                    <span>\n                        <img decoding=\"async\" src=\"https:\/\/www.lvrtc.lv\/wp-content\/uploads\/2020\/10\/brand-lr-200x102.png\" alt=\"\">                    <\/span>\n                <\/a>\n\n\n            \n\n                <a href=\"#\" target=\"\" rel=\"\" class=\"brand\">\n                    <span>\n                        <img decoding=\"async\" src=\"https:\/\/www.lvrtc.lv\/wp-content\/uploads\/2020\/10\/brand-lr-200x102.png\" alt=\"\">                    <\/span>\n                <\/a>\n\n\n            \n\n                <a href=\"#\" target=\"\" rel=\"\" class=\"brand\">\n                    <span>\n                        <img decoding=\"async\" src=\"https:\/\/www.lvrtc.lv\/wp-content\/uploads\/2020\/10\/brand-lr-200x102.png\" alt=\"\">                    <\/span>\n                <\/a>\n\n\n            \n\n                <a href=\"#\" target=\"\" rel=\"\" class=\"brand\">\n                    <span>\n                        <img decoding=\"async\" src=\"https:\/\/www.lvrtc.lv\/wp-content\/uploads\/2020\/10\/brand-lr-200x102.png\" alt=\"\">                    <\/span>\n                <\/a>\n\n\n            \n\n                <a href=\"#\" target=\"\" rel=\"\" class=\"brand\">\n                    <span>\n                        <img decoding=\"async\" src=\"https:\/\/www.lvrtc.lv\/wp-content\/uploads\/2020\/10\/brand-lr-200x102.png\" alt=\"\">                    <\/span>\n                <\/a>\n\n\n            \n\n                <a href=\"#\" target=\"\" rel=\"\" class=\"brand\">\n                    <span>\n                        <img decoding=\"async\" src=\"https:\/\/www.lvrtc.lv\/wp-content\/uploads\/2020\/10\/brand-lr-200x102.png\" alt=\"\">                    <\/span>\n                <\/a>\n\n\n            \n\n                <a href=\"#\" target=\"\" rel=\"\" class=\"brand\">\n                    <span>\n                        <img decoding=\"async\" src=\"https:\/\/www.lvrtc.lv\/wp-content\/uploads\/2020\/10\/brand-lr-200x102.png\" alt=\"\">                    <\/span>\n                <\/a>\n\n\n            \n        <\/div>\n\n    <\/div>\n<\/div>\n[\/vc_column][\/vc_row][vc_row][vc_column]\n<div class=\"lvrtc-promo-text born-mt-none born-mb-none\">\n    <div class=\"born-container\">\n        <div class=\"content\">\n            <p style=\"text-align: center;\">We create and maintain an open, reliable and sustainable electronic communications environment to ensure that Latvians can be informed, free and independent in their decisions.<\/p>\n        <\/div>\n    <\/div>\n<\/div>\n<div class=\"born-spacer is-medium\"><\/div>\n<div class=\"lvrtc-cta-button is-dark is-halfwidth born-mt-none born-mb-none\">\n    <a href=\"https:\/\/www.lvrtc.lv\/en\/growth\/\" target=\"\" rel=\"\"><span><b> LLC TET and LLC LMT Share Acquisition Process <\/b><\/span><\/a>\n<\/div>\n\n<div class=\"born-spacer is-medium\"><\/div>\n<div class=\"lvrtc-calendar is-element\">\n\n    <div class=\"heading-2\">\n        <div class=\"born-container\">\n                        <div class=\"cta\">\n                <a href=\"https:\/\/www.lvrtc.lv\/en\/\/events\">View full calendar<\/a>\n            <\/div>\n        <\/div>\n    <\/div>\n\n\t<div class=\"items-list\">\n\t\t            <h3>No events are active<\/h3>\n\t\t\t  \t<\/div>\n<\/div>\n\n\n<script>\n\n    jQuery(window).on('load resize', function() {\n\n        if(jQuery('.lvrtc-calendar').length) {\n\n            jQuery('.lvrtc-calendar').each(function() {\n\n                jQuery(this).parents('.wpb_wrapper').css('overflow', 'visible');\n                jQuery(this).parents('.vc_row').css('overflow', 'visible');\n\n                var windowWidth = jQuery(window).width();\n                var block = this.getBoundingClientRect();\n                var diff = (windowWidth - block.width) \/ 2;\n\n                jQuery(this).find('.items-list, .heading-2').css({\n                    'width' : 'calc(100% + ' + (diff * 2) + 'px)',\n                    'margin-left' : - (diff),\n                    'margin-right' : - (diff)\n\n                });\n\n                jQuery(this).css({\n                    'opacity' : '1'\n                });\n\n            });\n\n        }\n\n    });\n\n\n\n<\/script>\n<div class=\"born-spacer is-medium\"><\/div>\n<div class=\"lvrtc-landing-header born-mb-medium\">\n    <div class=\"born-container\">\n        <div class=\"content\">\n            <div class=\"inner\">\n                <h1>OUR DATA \u2013 STORED, SECURED, CONNECTED<\/h1>\n                                    <div class=\"desc\"><p><strong>Operating across 11 business directions, LVRTC provides the full range of competencies to support State projects and everyday business needs, with data centers, optical networks, cybersecurity un trust service solutions forming the foundation for growth and protection.<\/strong><\/p>\n<\/div>\n                                                    <div class=\"cta\">\n                        <a href=\"http:\/\/www.balticdatahub.lv\" target=\"\">Learn more<span class=\"ffwd\"><\/span><\/a>\n                    <\/div>\n                            <\/div>\n            <div class=\"bg\" style=\"background-image: url('https:\/\/www.lvrtc.lv\/wp-content\/uploads\/2021\/05\/LVRTC-Datu-centra-reklama-210x85-1-1400x604.jpg');\"><\/div>\n        <\/div>\n    <\/div>\n<\/div>\n\n\n\n\n<div class=\"lvrtc-news-slider born-mt-none born-mb-none\">\n    <div class=\"born-container\">\n        <div class=\"heading\">\n                            <div class=\"text\">\n                    <h2>News<\/h2>\n                <\/div>\n            \n            <div class=\"cta\">\n                <a href=\"https:\/\/www.lvrtc.lv\/en\/news\">All news<\/a>\n            <\/div>\n        <\/div>\n        <div class=\"slider\">\n\n            \n            <div class=\"slider-item\">\n                <a class=\"news-item\" href=\"https:\/\/www.lvrtc.lv\/en\/news\/jaunumi\/contracts-signed-with-advisors-of-the-acquisition-of-telia-companys-stakes-in-tet-and-lmt-advisors-begin-work\/\" style=\"background-image: url('https:\/\/www.lvrtc.lv\/wp-content\/uploads\/2025\/12\/tornis-metu-konkurss-1-620x520.jpg');\">\n                    <span class=\"calendar\">\n                        <span class=\"day\">02<\/span>\n                      <span class=\"month\">Feb<\/span>\n                    <\/span>\n                    \n                <\/a>\n                <a class=\"title\" href=\"https:\/\/www.lvrtc.lv\/en\/news\/jaunumi\/contracts-signed-with-advisors-of-the-acquisition-of-telia-companys-stakes-in-tet-and-lmt-advisors-begin-work\/\">\n                     Contracts Signed with Advisors of the Acquisition of Telia Company\u2019s Stakes in Tet and LMT, ...                <\/a>\n            <\/div>\n\n            \n            <div class=\"slider-item\">\n                <a class=\"news-item\" href=\"https:\/\/www.lvrtc.lv\/en\/news\/jaunumi\/amendments-to-the-electronic-queue-reservation-system-for-more-efficient-external-land-border-crossing\/\" style=\"background-image: url('https:\/\/www.lvrtc.lv\/wp-content\/uploads\/2025\/11\/ERRS-logo-web.jpg');\">\n                    <span class=\"calendar\">\n                        <span class=\"day\">25<\/span>\n                      <span class=\"month\">Nov<\/span>\n                    <\/span>\n                    \n                <\/a>\n                <a class=\"title\" href=\"https:\/\/www.lvrtc.lv\/en\/news\/jaunumi\/amendments-to-the-electronic-queue-reservation-system-for-more-efficient-external-land-border-crossing\/\">\n                     Amendments to the Electronic Queue Reservation System for More Efficient External Land Border ...                <\/a>\n            <\/div>\n\n            \n            <div class=\"slider-item\">\n                <a class=\"news-item\" href=\"https:\/\/www.lvrtc.lv\/en\/news\/jaunumi\/europe-has-an-ambitious-quantum-strategy-and-latvias-in-that-picture-too\/\" style=\"background-image: url('https:\/\/www.lvrtc.lv\/wp-content\/uploads\/2025\/10\/GG02534-782x520.jpg');\">\n                    <span class=\"calendar\">\n                        <span class=\"day\">05<\/span>\n                      <span class=\"month\">Nov<\/span>\n                    <\/span>\n                    \n                <\/a>\n                <a class=\"title\" href=\"https:\/\/www.lvrtc.lv\/en\/news\/jaunumi\/europe-has-an-ambitious-quantum-strategy-and-latvias-in-that-picture-too\/\">\n                     Europe has an ambitious quantum strategy \u2013 and Latvia\u2019s in that picture, too                <\/a>\n            <\/div>\n\n            \n            <div class=\"slider-item\">\n                <a class=\"news-item\" href=\"https:\/\/www.lvrtc.lv\/en\/news\/jaunumi\/a-solution-developed-within-the-latvian-quantum-technology-development-partnership-has-already-reached-end-users\/\" style=\"background-image: url('https:\/\/www.lvrtc.lv\/wp-content\/uploads\/2025\/10\/Mikrotik-450x520.jpg');\">\n                    <span class=\"calendar\">\n                        <span class=\"day\">24<\/span>\n                      <span class=\"month\">Oct<\/span>\n                    <\/span>\n                    \n                <\/a>\n                <a class=\"title\" href=\"https:\/\/www.lvrtc.lv\/en\/news\/jaunumi\/a-solution-developed-within-the-latvian-quantum-technology-development-partnership-has-already-reached-end-users\/\">\n                     A solution developed within the Latvian Quantum Technology Development Partnership has already ...                <\/a>\n            <\/div>\n\n            \n            <div class=\"slider-item\">\n                <a class=\"news-item\" href=\"https:\/\/www.lvrtc.lv\/en\/news\/jaunumi\/latvian-quantum-technology-development-partnership-expands\/\" style=\"background-image: url('https:\/\/www.lvrtc.lv\/wp-content\/uploads\/2025\/10\/ps-memorands-693x520.jpg');\">\n                    <span class=\"calendar\">\n                        <span class=\"day\">23<\/span>\n                      <span class=\"month\">Oct<\/span>\n                    <\/span>\n                    \n                <\/a>\n                <a class=\"title\" href=\"https:\/\/www.lvrtc.lv\/en\/news\/jaunumi\/latvian-quantum-technology-development-partnership-expands\/\">\n                     Latvian quantum technology development partnership expands                <\/a>\n            <\/div>\n\n            \n            <div class=\"slider-item\">\n                <a class=\"news-item\" href=\"https:\/\/www.lvrtc.lv\/en\/news\/jaunumi\/latvia-creates-the-baltic-regions-first-quantum-communications-backbone\/\" style=\"background-image: url('https:\/\/www.lvrtc.lv\/wp-content\/uploads\/2025\/10\/GG01697-scaled-e1761141488353-916x520.jpg');\">\n                    <span class=\"calendar\">\n                        <span class=\"day\">22<\/span>\n                      <span class=\"month\">Oct<\/span>\n                    <\/span>\n                    \n                <\/a>\n                <a class=\"title\" href=\"https:\/\/www.lvrtc.lv\/en\/news\/jaunumi\/latvia-creates-the-baltic-regions-first-quantum-communications-backbone\/\">\n                     Latvia creates the Baltic region&#8217;s first quantum communications backbone \u2013 national-level ...                <\/a>\n            <\/div>\n\n            \n        <\/div>\n        <div class=\"navigation\"><\/div>\n    <\/div>\n<\/div>\n[\/vc_column][\/vc_row][vc_row][vc_column][\/vc_column][\/vc_row]<\/p>\n<\/div>","protected":false},"excerpt":{"rendered":"<p>[vc_row][vc_column][\/vc_column][\/vc_row][vc_row disable_element=&#8221;yes&#8221;][vc_column][\/vc_column][\/vc_row][vc_row][vc_column][\/vc_column][\/vc_row][vc_row][vc_column][\/vc_column][\/vc_row]<\/p>\n","protected":false},"author":1,"featured_media":0,"parent":0,"menu_order":0,"comment_status":"closed","ping_status":"open","template":"","meta":{"_acf_changed":false,"inline_featured_image":false,"footnotes":""},"class_list":["post-3520","page","type-page","status-publish","hentry"],"acf":[],"yoast_head":"<!-- This site is optimized with the Yoast SEO plugin v27.3 - https:\/\/yoast.com\/product\/yoast-seo-wordpress\/ -->\n<title>LVRTC Atv\u0113rti | Uzticami | Profesion\u0101li - LVRTC<\/title>\n<meta name=\"description\" content=\"Latvijas valsts radio un telev\u012bzijas centrs\" \/>\n<meta name=\"robots\" content=\"index, follow, max-snippet:-1, max-image-preview:large, max-video-preview:-1\" \/>\n<link rel=\"canonical\" href=\"https:\/\/www.lvrtc.lv\/en\/\" \/>\n<meta property=\"og:locale\" content=\"en_US\" \/>\n<meta property=\"og:type\" content=\"article\" \/>\n<meta property=\"og:title\" content=\"LVRTC Atv\u0113rti | Uzticami | Profesion\u0101li - LVRTC\" \/>\n<meta property=\"og:description\" content=\"Latvijas valsts radio un telev\u012bzijas centrs\" \/>\n<meta property=\"og:url\" content=\"https:\/\/www.lvrtc.lv\/en\/\" \/>\n<meta property=\"og:site_name\" content=\"LVRTC\" \/>\n<meta property=\"article:modified_time\" content=\"2026-01-14T09:36:28+00:00\" \/>\n<meta name=\"twitter:card\" content=\"summary_large_image\" \/>\n<meta name=\"twitter:label1\" content=\"Est. reading time\" \/>\n\t<meta name=\"twitter:data1\" content=\"1 minute\" \/>\n<script type=\"application\/ld+json\" class=\"yoast-schema-graph\">{\"@context\":\"https:\\\/\\\/schema.org\",\"@graph\":[{\"@type\":\"WebPage\",\"@id\":\"https:\\\/\\\/www.lvrtc.lv\\\/en\\\/\",\"url\":\"https:\\\/\\\/www.lvrtc.lv\\\/en\\\/\",\"name\":\"LVRTC Atv\u0113rti | Uzticami | Profesion\u0101li - LVRTC\",\"isPartOf\":{\"@id\":\"https:\\\/\\\/www.lvrtc.lv\\\/en\\\/#website\"},\"datePublished\":\"2020-10-02T09:32:35+00:00\",\"dateModified\":\"2026-01-14T09:36:28+00:00\",\"description\":\"Latvijas valsts radio un telev\u012bzijas centrs\",\"breadcrumb\":{\"@id\":\"https:\\\/\\\/www.lvrtc.lv\\\/en\\\/#breadcrumb\"},\"inLanguage\":\"en-US\",\"potentialAction\":[{\"@type\":\"ReadAction\",\"target\":[\"https:\\\/\\\/www.lvrtc.lv\\\/en\\\/\"]}]},{\"@type\":\"BreadcrumbList\",\"@id\":\"https:\\\/\\\/www.lvrtc.lv\\\/en\\\/#breadcrumb\",\"itemListElement\":[{\"@type\":\"ListItem\",\"position\":1,\"name\":\"Home\",\"item\":\"https:\\\/\\\/www.lvrtc.lv\\\/en\\\/\"},{\"@type\":\"ListItem\",\"position\":2,\"name\":\"LVRTC\"}]},{\"@type\":\"WebSite\",\"@id\":\"https:\\\/\\\/www.lvrtc.lv\\\/en\\\/#website\",\"url\":\"https:\\\/\\\/www.lvrtc.lv\\\/en\\\/\",\"name\":\"LVRTC\",\"description\":\"LVRTC\",\"potentialAction\":[{\"@type\":\"SearchAction\",\"target\":{\"@type\":\"EntryPoint\",\"urlTemplate\":\"https:\\\/\\\/www.lvrtc.lv\\\/en\\\/?s={search_term_string}\"},\"query-input\":{\"@type\":\"PropertyValueSpecification\",\"valueRequired\":true,\"valueName\":\"search_term_string\"}}],\"inLanguage\":\"en-US\"}]}<\/script>\n<!-- \/ Yoast SEO plugin. -->","yoast_head_json":{"title":"LVRTC Atv\u0113rti | Uzticami | Profesion\u0101li - LVRTC","description":"Latvijas valsts radio un telev\u012bzijas centrs","robots":{"index":"index","follow":"follow","max-snippet":"max-snippet:-1","max-image-preview":"max-image-preview:large","max-video-preview":"max-video-preview:-1"},"canonical":"https:\/\/www.lvrtc.lv\/en\/","og_locale":"en_US","og_type":"article","og_title":"LVRTC Atv\u0113rti | Uzticami | Profesion\u0101li - LVRTC","og_description":"Latvijas valsts radio un telev\u012bzijas centrs","og_url":"https:\/\/www.lvrtc.lv\/en\/","og_site_name":"LVRTC","article_modified_time":"2026-01-14T09:36:28+00:00","twitter_card":"summary_large_image","twitter_misc":{"Est. reading time":"1 minute"},"schema":{"@context":"https:\/\/schema.org","@graph":[{"@type":"WebPage","@id":"https:\/\/www.lvrtc.lv\/en\/","url":"https:\/\/www.lvrtc.lv\/en\/","name":"LVRTC Atv\u0113rti | Uzticami | Profesion\u0101li - LVRTC","isPartOf":{"@id":"https:\/\/www.lvrtc.lv\/en\/#website"},"datePublished":"2020-10-02T09:32:35+00:00","dateModified":"2026-01-14T09:36:28+00:00","description":"Latvijas valsts radio un telev\u012bzijas centrs","breadcrumb":{"@id":"https:\/\/www.lvrtc.lv\/en\/#breadcrumb"},"inLanguage":"en-US","potentialAction":[{"@type":"ReadAction","target":["https:\/\/www.lvrtc.lv\/en\/"]}]},{"@type":"BreadcrumbList","@id":"https:\/\/www.lvrtc.lv\/en\/#breadcrumb","itemListElement":[{"@type":"ListItem","position":1,"name":"Home","item":"https:\/\/www.lvrtc.lv\/en\/"},{"@type":"ListItem","position":2,"name":"LVRTC"}]},{"@type":"WebSite","@id":"https:\/\/www.lvrtc.lv\/en\/#website","url":"https:\/\/www.lvrtc.lv\/en\/","name":"LVRTC","description":"LVRTC","potentialAction":[{"@type":"SearchAction","target":{"@type":"EntryPoint","urlTemplate":"https:\/\/www.lvrtc.lv\/en\/?s={search_term_string}"},"query-input":{"@type":"PropertyValueSpecification","valueRequired":true,"valueName":"search_term_string"}}],"inLanguage":"en-US"}]}},"_links":{"self":[{"href":"https:\/\/www.lvrtc.lv\/en\/wp-json\/wp\/v2\/pages\/3520","targetHints":{"allow":["GET"]}}],"collection":[{"href":"https:\/\/www.lvrtc.lv\/en\/wp-json\/wp\/v2\/pages"}],"about":[{"href":"https:\/\/www.lvrtc.lv\/en\/wp-json\/wp\/v2\/types\/page"}],"author":[{"embeddable":true,"href":"https:\/\/www.lvrtc.lv\/en\/wp-json\/wp\/v2\/users\/1"}],"replies":[{"embeddable":true,"href":"https:\/\/www.lvrtc.lv\/en\/wp-json\/wp\/v2\/comments?post=3520"}],"version-history":[{"count":20,"href":"https:\/\/www.lvrtc.lv\/en\/wp-json\/wp\/v2\/pages\/3520\/revisions"}],"predecessor-version":[{"id":38371,"href":"https:\/\/www.lvrtc.lv\/en\/wp-json\/wp\/v2\/pages\/3520\/revisions\/38371"}],"wp:attachment":[{"href":"https:\/\/www.lvrtc.lv\/en\/wp-json\/wp\/v2\/media?parent=3520"}],"curies":[{"name":"wp","href":"https:\/\/api.w.org\/{rel}","templated":true}]}}