{"id":32905,"date":"2025-07-18T09:37:00","date_gmt":"2025-07-18T09:37:00","guid":{"rendered":"https:\/\/www.lvrtc.lv\/?page_id=32905"},"modified":"2025-07-18T09:47:28","modified_gmt":"2025-07-18T09:47:28","slug":"latvenergo-and-lvrtc-sign-memorandum-of-understanding-with-telia-company-on-acquisition-of-shares-in-tet-and-lmt","status":"publish","type":"page","link":"https:\/\/www.lvrtc.lv\/en\/growth\/latvenergo-and-lvrtc-sign-memorandum-of-understanding-with-telia-company-on-acquisition-of-shares-in-tet-and-lmt\/","title":{"rendered":"Latvenergo and LVRTC Sign Memorandum of Understanding with Telia Company on Acquisition of Shares in Tet and LMT"},"content":{"rendered":"<p data-start=\"206\" data-end=\"512\">On Thursday, July 17,\u00a0 \u00a0\u201cLatvenergo,\u201d \u201cLatvijas Valsts radio un telev\u012bzijas centrs\u201d (hereinafter \u2013 LVRTC), and Telia Company AB signed a Memorandum of Understanding (MoU) to initiate the acquisition process of Telia\u2019s shares in \u201cTet\u201d and \u201cLatvijas Mobilais Telefons\u201d (LMT).<\/p>\n<p data-start=\"514\" data-end=\"879\">The involved parties will carry out a detailed due diligence process and undertake other preparatory steps to assess the feasibility of the transaction. If the deal moves forward, Latvenergo and LVRTC, together with \u201cPublisko akt\u012bvu p\u0101rvald\u012bt\u0101js Possessor\u201d and an international financial investor, would gain full control over both telecommunications companies.<\/p>\n<p data-start=\"881\" data-end=\"1225\">To facilitate this, an international financial investor with significant experience in the technology sector is expected to be engaged. The selection of the investor will be carried out through an open tender, with the help of an international advisor whose role will be to propose the best possible transaction structure and financial partner.<\/p>\n<p data-start=\"1227\" data-end=\"1408\">A long-term development strategy and business plan for the companies will be developed, with the aim of eventually listing a portion of the state-owned shares on the stock exchange.<\/p>\n<p data-start=\"1410\" data-end=\"1842\">\u201cData technologies are a key element in strengthening Latvenergo\u2019s position as one of the leading energy service providers in the Baltic region. Such opportunities are rare, and we see this as part of a forward-looking strategy. The convergence of the energy and telecommunications sectors is a natural development cycle that we intend to be part of,\u201d emphasized M\u0101rti\u0146\u0161 \u010cakste, Chairman of the Management Board of Latvenergo.<\/p>\n<p data-start=\"1844\" data-end=\"2531\">\u201cLVRTC today is a well-capitalized enterprise &#8211; a specialized critical infrastructure company focused on introducing innovative technological solutions and providing services that, for various reasons, are not taken on by private companies. We see expanding our assets in the ICT sector as a strategic way forward. LVRTC is one of the founding shareholders of LMT and currently holds 23% of its shares. Expanding our ICT assets would support our continued development and generate revenues that can be reinvested in strengthening the state. This potential transaction would also undeniably increase the value of our existing LMT shares,\u201d said \u0122irts Ozols, Chairman of the Board of LVRTC.<\/p>\n<p data-start=\"2533\" data-end=\"3148\">\u201cWe are pleased to have reached a shared understanding on the best path forward for these great Latvian companies. We have agreed to proceed with the planned transaction, in which our offer to sell our shares reflects the fair market value of Tet and LMT. The complex shareholder structure of Tet and LMT has so far hindered greater value creation. Signing this MoU marks a significant turning point for us, as well as for Tet and LMT, who will now have the opportunity to grow under a new ownership model, benefiting their customers and all stakeholders,\u201d said Patrik Hofbauer, President and CEO of Telia Company.<\/p>\n<p data-start=\"3150\" data-end=\"3407\" data-is-last-node=\"\" data-is-only-node=\"\">Latvenergo and LVRTC are engaging in the process based on commercial principles, taking into account both potential synergies and economic value. If negotiations and due diligence are successful, the transaction could be completed in the first half of 2026.<\/p>\n","protected":false},"excerpt":{"rendered":"<p>On Thursday, July 17,\u00a0 \u00a0\u201cLatvenergo,\u201d \u201cLatvijas Valsts radio un telev\u012bzijas centrs\u201d (hereinafter \u2013 LVRTC), and Telia Company AB signed a Memorandum of Understanding (MoU) to initiate the acquisition process of Telia\u2019s shares in \u201cTet\u201d and \u201cLatvijas Mobilais Telefons\u201d (LMT). The involved parties will carry out a detailed due diligence process and undertake other preparatory steps<\/p>\n","protected":false},"author":9,"featured_media":0,"parent":32749,"menu_order":0,"comment_status":"closed","ping_status":"closed","template":"","meta":{"_acf_changed":false,"inline_featured_image":false,"footnotes":""},"class_list":["post-32905","page","type-page","status-publish","hentry"],"acf":[],"yoast_head":"<!-- This site is optimized with the Yoast SEO plugin v27.3 - https:\/\/yoast.com\/product\/yoast-seo-wordpress\/ -->\n<title>Latvenergo and LVRTC Sign Memorandum of Understanding with Telia Company on Acquisition of Shares in Tet and LMT - LVRTC<\/title>\n<meta name=\"robots\" content=\"index, follow, max-snippet:-1, max-image-preview:large, max-video-preview:-1\" \/>\n<link rel=\"canonical\" href=\"https:\/\/www.lvrtc.lv\/en\/growth\/latvenergo-and-lvrtc-sign-memorandum-of-understanding-with-telia-company-on-acquisition-of-shares-in-tet-and-lmt\/\" \/>\n<meta property=\"og:locale\" content=\"en_US\" \/>\n<meta property=\"og:type\" content=\"article\" \/>\n<meta property=\"og:title\" content=\"Latvenergo and LVRTC Sign Memorandum of Understanding with Telia Company on Acquisition of Shares in Tet and LMT - LVRTC\" \/>\n<meta property=\"og:description\" content=\"On Thursday, July 17,\u00a0 \u00a0\u201cLatvenergo,\u201d \u201cLatvijas Valsts radio un telev\u012bzijas centrs\u201d (hereinafter \u2013 LVRTC), and Telia Company AB signed a Memorandum of Understanding (MoU) to initiate the acquisition process of Telia\u2019s shares in \u201cTet\u201d and \u201cLatvijas Mobilais Telefons\u201d (LMT). The involved parties will carry out a detailed due diligence process and undertake other preparatory steps\" \/>\n<meta property=\"og:url\" content=\"https:\/\/www.lvrtc.lv\/en\/growth\/latvenergo-and-lvrtc-sign-memorandum-of-understanding-with-telia-company-on-acquisition-of-shares-in-tet-and-lmt\/\" \/>\n<meta property=\"og:site_name\" content=\"LVRTC\" \/>\n<meta property=\"article:modified_time\" content=\"2025-07-18T09:47:28+00:00\" \/>\n<meta name=\"twitter:card\" content=\"summary_large_image\" \/>\n<meta name=\"twitter:label1\" content=\"Est. reading time\" \/>\n\t<meta name=\"twitter:data1\" content=\"2 minutes\" \/>\n<script type=\"application\/ld+json\" class=\"yoast-schema-graph\">{\"@context\":\"https:\\\/\\\/schema.org\",\"@graph\":[{\"@type\":\"WebPage\",\"@id\":\"https:\\\/\\\/www.lvrtc.lv\\\/en\\\/growth\\\/latvenergo-and-lvrtc-sign-memorandum-of-understanding-with-telia-company-on-acquisition-of-shares-in-tet-and-lmt\\\/\",\"url\":\"https:\\\/\\\/www.lvrtc.lv\\\/en\\\/growth\\\/latvenergo-and-lvrtc-sign-memorandum-of-understanding-with-telia-company-on-acquisition-of-shares-in-tet-and-lmt\\\/\",\"name\":\"Latvenergo and LVRTC Sign Memorandum of Understanding with Telia Company on Acquisition of Shares in Tet and LMT - LVRTC\",\"isPartOf\":{\"@id\":\"https:\\\/\\\/www.lvrtc.lv\\\/en\\\/#website\"},\"datePublished\":\"2025-07-18T09:37:00+00:00\",\"dateModified\":\"2025-07-18T09:47:28+00:00\",\"breadcrumb\":{\"@id\":\"https:\\\/\\\/www.lvrtc.lv\\\/en\\\/growth\\\/latvenergo-and-lvrtc-sign-memorandum-of-understanding-with-telia-company-on-acquisition-of-shares-in-tet-and-lmt\\\/#breadcrumb\"},\"inLanguage\":\"en-US\",\"potentialAction\":[{\"@type\":\"ReadAction\",\"target\":[\"https:\\\/\\\/www.lvrtc.lv\\\/en\\\/growth\\\/latvenergo-and-lvrtc-sign-memorandum-of-understanding-with-telia-company-on-acquisition-of-shares-in-tet-and-lmt\\\/\"]}]},{\"@type\":\"BreadcrumbList\",\"@id\":\"https:\\\/\\\/www.lvrtc.lv\\\/en\\\/growth\\\/latvenergo-and-lvrtc-sign-memorandum-of-understanding-with-telia-company-on-acquisition-of-shares-in-tet-and-lmt\\\/#breadcrumb\",\"itemListElement\":[{\"@type\":\"ListItem\",\"position\":1,\"name\":\"Home\",\"item\":\"https:\\\/\\\/www.lvrtc.lv\\\/en\\\/\"},{\"@type\":\"ListItem\",\"position\":2,\"name\":\"LLC TET and LLC LMT Share Acquisition Process\",\"item\":\"https:\\\/\\\/www.lvrtc.lv\\\/en\\\/growth\\\/\"},{\"@type\":\"ListItem\",\"position\":3,\"name\":\"Latvenergo and LVRTC Sign Memorandum of Understanding with Telia Company on Acquisition of Shares in Tet and LMT\"}]},{\"@type\":\"WebSite\",\"@id\":\"https:\\\/\\\/www.lvrtc.lv\\\/en\\\/#website\",\"url\":\"https:\\\/\\\/www.lvrtc.lv\\\/en\\\/\",\"name\":\"LVRTC\",\"description\":\"LVRTC\",\"potentialAction\":[{\"@type\":\"SearchAction\",\"target\":{\"@type\":\"EntryPoint\",\"urlTemplate\":\"https:\\\/\\\/www.lvrtc.lv\\\/en\\\/?s={search_term_string}\"},\"query-input\":{\"@type\":\"PropertyValueSpecification\",\"valueRequired\":true,\"valueName\":\"search_term_string\"}}],\"inLanguage\":\"en-US\"}]}<\/script>\n<!-- \/ Yoast SEO plugin. -->","yoast_head_json":{"title":"Latvenergo and LVRTC Sign Memorandum of Understanding with Telia Company on Acquisition of Shares in Tet and LMT - LVRTC","robots":{"index":"index","follow":"follow","max-snippet":"max-snippet:-1","max-image-preview":"max-image-preview:large","max-video-preview":"max-video-preview:-1"},"canonical":"https:\/\/www.lvrtc.lv\/en\/growth\/latvenergo-and-lvrtc-sign-memorandum-of-understanding-with-telia-company-on-acquisition-of-shares-in-tet-and-lmt\/","og_locale":"en_US","og_type":"article","og_title":"Latvenergo and LVRTC Sign Memorandum of Understanding with Telia Company on Acquisition of Shares in Tet and LMT - LVRTC","og_description":"On Thursday, July 17,\u00a0 \u00a0\u201cLatvenergo,\u201d \u201cLatvijas Valsts radio un telev\u012bzijas centrs\u201d (hereinafter \u2013 LVRTC), and Telia Company AB signed a Memorandum of Understanding (MoU) to initiate the acquisition process of Telia\u2019s shares in \u201cTet\u201d and \u201cLatvijas Mobilais Telefons\u201d (LMT). The involved parties will carry out a detailed due diligence process and undertake other preparatory steps","og_url":"https:\/\/www.lvrtc.lv\/en\/growth\/latvenergo-and-lvrtc-sign-memorandum-of-understanding-with-telia-company-on-acquisition-of-shares-in-tet-and-lmt\/","og_site_name":"LVRTC","article_modified_time":"2025-07-18T09:47:28+00:00","twitter_card":"summary_large_image","twitter_misc":{"Est. reading time":"2 minutes"},"schema":{"@context":"https:\/\/schema.org","@graph":[{"@type":"WebPage","@id":"https:\/\/www.lvrtc.lv\/en\/growth\/latvenergo-and-lvrtc-sign-memorandum-of-understanding-with-telia-company-on-acquisition-of-shares-in-tet-and-lmt\/","url":"https:\/\/www.lvrtc.lv\/en\/growth\/latvenergo-and-lvrtc-sign-memorandum-of-understanding-with-telia-company-on-acquisition-of-shares-in-tet-and-lmt\/","name":"Latvenergo and LVRTC Sign Memorandum of Understanding with Telia Company on Acquisition of Shares in Tet and LMT - LVRTC","isPartOf":{"@id":"https:\/\/www.lvrtc.lv\/en\/#website"},"datePublished":"2025-07-18T09:37:00+00:00","dateModified":"2025-07-18T09:47:28+00:00","breadcrumb":{"@id":"https:\/\/www.lvrtc.lv\/en\/growth\/latvenergo-and-lvrtc-sign-memorandum-of-understanding-with-telia-company-on-acquisition-of-shares-in-tet-and-lmt\/#breadcrumb"},"inLanguage":"en-US","potentialAction":[{"@type":"ReadAction","target":["https:\/\/www.lvrtc.lv\/en\/growth\/latvenergo-and-lvrtc-sign-memorandum-of-understanding-with-telia-company-on-acquisition-of-shares-in-tet-and-lmt\/"]}]},{"@type":"BreadcrumbList","@id":"https:\/\/www.lvrtc.lv\/en\/growth\/latvenergo-and-lvrtc-sign-memorandum-of-understanding-with-telia-company-on-acquisition-of-shares-in-tet-and-lmt\/#breadcrumb","itemListElement":[{"@type":"ListItem","position":1,"name":"Home","item":"https:\/\/www.lvrtc.lv\/en\/"},{"@type":"ListItem","position":2,"name":"LLC TET and LLC LMT Share Acquisition Process","item":"https:\/\/www.lvrtc.lv\/en\/growth\/"},{"@type":"ListItem","position":3,"name":"Latvenergo and LVRTC Sign Memorandum of Understanding with Telia Company on Acquisition of Shares in Tet and LMT"}]},{"@type":"WebSite","@id":"https:\/\/www.lvrtc.lv\/en\/#website","url":"https:\/\/www.lvrtc.lv\/en\/","name":"LVRTC","description":"LVRTC","potentialAction":[{"@type":"SearchAction","target":{"@type":"EntryPoint","urlTemplate":"https:\/\/www.lvrtc.lv\/en\/?s={search_term_string}"},"query-input":{"@type":"PropertyValueSpecification","valueRequired":true,"valueName":"search_term_string"}}],"inLanguage":"en-US"}]}},"_links":{"self":[{"href":"https:\/\/www.lvrtc.lv\/en\/wp-json\/wp\/v2\/pages\/32905","targetHints":{"allow":["GET"]}}],"collection":[{"href":"https:\/\/www.lvrtc.lv\/en\/wp-json\/wp\/v2\/pages"}],"about":[{"href":"https:\/\/www.lvrtc.lv\/en\/wp-json\/wp\/v2\/types\/page"}],"author":[{"embeddable":true,"href":"https:\/\/www.lvrtc.lv\/en\/wp-json\/wp\/v2\/users\/9"}],"replies":[{"embeddable":true,"href":"https:\/\/www.lvrtc.lv\/en\/wp-json\/wp\/v2\/comments?post=32905"}],"version-history":[{"count":1,"href":"https:\/\/www.lvrtc.lv\/en\/wp-json\/wp\/v2\/pages\/32905\/revisions"}],"predecessor-version":[{"id":32907,"href":"https:\/\/www.lvrtc.lv\/en\/wp-json\/wp\/v2\/pages\/32905\/revisions\/32907"}],"up":[{"embeddable":true,"href":"https:\/\/www.lvrtc.lv\/en\/wp-json\/wp\/v2\/pages\/32749"}],"wp:attachment":[{"href":"https:\/\/www.lvrtc.lv\/en\/wp-json\/wp\/v2\/media?parent=32905"}],"curies":[{"name":"wp","href":"https:\/\/api.w.org\/{rel}","templated":true}]}}