{"id":26221,"date":"2024-11-28T12:14:57","date_gmt":"2024-11-28T12:14:57","guid":{"rendered":"https:\/\/www.lvrtc.lv\/?page_id=26221"},"modified":"2025-08-25T14:16:23","modified_gmt":"2025-08-25T14:16:23","slug":"partners","status":"publish","type":"page","link":"https:\/\/www.lvrtc.lv\/en\/quantum\/partners\/","title":{"rendered":"Partners"},"content":{"rendered":"<div class=\"wpb-content-wrapper\"><p>[vc_row][vc_column]\n<div class=\"born-spacer is-medium\"><\/div>[vc_column_text css=&#8221;&#8221;]<\/p>\n<h1>Partners<\/h1>\n<p>[\/vc_column_text][\/vc_column][\/vc_row][vc_row][vc_column width=&#8221;1\/2&#8243;][vc_single_image image=&#8221;13029&#8243; img_size=&#8221;large&#8221;][\/vc_column][vc_column width=&#8221;1\/2&#8243;][vc_single_image image=&#8221;13027&#8243; img_size=&#8221;medium&#8221; onclick=&#8221;custom_link&#8221; link=&#8221;https:\/\/digital-strategy.ec.europa.eu\/en\/policies\/european-quantum-communication-infrastructure-euroqci&#8221;][\/vc_column][\/vc_row][vc_row][vc_column width=&#8221;1\/3&#8243;]\n<div class=\"born-spacer is-medium\"><\/div>[vc_single_image image=&#8221;5764&#8243; img_size=&#8221;full&#8221; css=&#8221;&#8221;][\/vc_column][vc_column width=&#8221;2\/3&#8243;][vc_column_text css=&#8221;&#8221;]<\/p>\n<h2>Latvia State Radio and Television Center<\/h2>\n<p>LVRTC is a 100% state owned company that is tasked with ensuring that every person in Latvia is able to quickly and securely receive and transmit information. Since its establishment, the company has accumulated and improved its know-how that has helped in introducing radio and television broadcasting systems in Latvia. And during the last decade, it has also helped in developing and strengthening its competences in data transmission, data center, trust services and cyber security areas. Our specialist knowledge, cool mind, curiosity and creative enthusiasm that have driven our technological development have also supported LVRTC customers and partners.[\/vc_column_text][\/vc_column][\/vc_row][vc_row][vc_column][vc_separator css=&#8221;&#8221;][\/vc_column][\/vc_row][vc_row][vc_column width=&#8221;2\/3&#8243;][vc_column_text css=&#8221;&#8221;]<\/p>\n<h2>\u201cTet\u201d Ltd.<\/h2>\n<p>Tet is one of the largest technology companies in the Baltics, creating innovations for both home and work, with a team of 1300 employees. The company offers security solutions to strengthen the country&#8217;s critical infrastructure, the largest fibre-optic internet infrastructure in Latvia, reliable and high-quality TV, internet, electricity and e-commerce services, as well as integrated IT&amp;T solutions for businesses in Latvia and in export markets. Tet creates the most innovative technological solutions in IT security, develops OTT services and produces original TV content. In quantum technology development, Tet&#8217;s main focus is to test and develop solutions in the medical and financial fields. The Tet Group also includes subsidiaries Citrus Solutions, Helio Media and Baltic Computer Academy. Read more: <span style=\"text-decoration: underline;\"><a href=\"http:\/\/www.tet.lv\/par-mums\">www.tet.lv\/par-mums<\/a><\/span><\/p>\n<p>[\/vc_column_text][\/vc_column][vc_column width=&#8221;1\/3&#8243;]\n<div class=\"born-spacer is-medium\"><\/div>[vc_single_image image=&#8221;12386&#8243; img_size=&#8221;full&#8221; css=&#8221;&#8221;][\/vc_column][\/vc_row][vc_row][vc_column][vc_separator css=&#8221;&#8221;][\/vc_column][\/vc_row][vc_row][vc_column width=&#8221;1\/3&#8243;]\n<div class=\"born-spacer is-medium\"><\/div>[vc_single_image image=&#8221;13655&#8243; img_size=&#8221;300&#215;300&#8243;][\/vc_column][vc_column width=&#8221;2\/3&#8243;][vc_column_text css=&#8221;&#8221;]<\/p>\n<h2>Latvijas Universit\u0101tes Matem\u0101tikas un inform\u0101tikas instit\u016bts<\/h2>\n<p><span data-teams=\"true\">LU MII ir Latvijas vado\u0161ais datorzin\u0101t\u0146u un matem\u0101tikas p\u0113tniec\u012bbas instit\u016bts, kur\u0101 str\u0101d\u0101 vair\u0101k nek\u0101 100 p\u0113tnieku. Instit\u016bts ir ar\u012b noz\u012bm\u012bgs interneta pakalpojumu sniedz\u0113js (SigmaNet), izstr\u0101d\u0101jis un nodro\u0161ina liel\u0101kos p\u0113tniec\u012bbas iest\u0101d\u0113m pieejamos augstas veiktsp\u0113jas m\u0101ko\u0146dato\u0161anas pakalpojumus Latvij\u0101, k\u0101 ar\u012b ir starptautisk\u0101 G\u00c9ANT t\u012bkla Latvijas p\u0101rst\u0101vniec\u012bbas un piek\u013cuves punkts. Latvijas nacion\u0101l\u0101 un valsts kiberdro\u0161\u012bbas komanda CERT.LV atrodas LUMII pasp\u0101rn\u0113. Viens no LU MII p\u0113tniec\u012bbas virzieniem ir kvantu tehnolo\u0123ijas un, lai ieviestu jaunus kvantu kriptogr\u0101fijas risin\u0101jumus, ir j\u0101izstr\u0101d\u0101 un j\u0101piel\u0101go skait\u013co\u0161anas infrastrukt\u016brai vispiem\u0113rot\u0101kos programmat\u016bras r\u012bkus, k\u0101 ar\u012b j\u0101att\u012bsta eso\u0161\u0101s kriptogr\u0101fijas tehnikas izmanto\u0161ana Latvij\u0101.<br \/>\nLUMII ir pla\u0161a pieredze da\u017e\u0101du p\u0113tniec\u012bbas projektu sekm\u012bg\u0101 vad\u012b\u0161an\u0101 un visa nepiecie\u0161am\u0101 tehnisk\u0101 un administrat\u012bv\u0101 infrastrukt\u016bra projekta aktivit\u0101\u0161u \u012bsteno\u0161anai kvalitat\u012bvi un atbilsto\u0161i projekta m\u0113r\u0137iem un uzdevumiem \u012bstenos zin\u0101tniski p\u0113tniecisk\u0101s aktivit\u0101tes.<\/span>[\/vc_column_text][\/vc_column][\/vc_row][vc_row][vc_column][vc_separator css=&#8221;&#8221;][\/vc_column][\/vc_row][vc_row][vc_column width=&#8221;2\/3&#8243;][vc_column_text css=&#8221;&#8221;]<\/p>\n<h2><span data-teams=\"true\">Electronic Communications Office of Latvia<br \/>\n<\/span><\/h2>\n<p><span data-teams=\"true\">SJSC &#8220;Elektroniskie sakari&#8221; (VASES) is a state capital company that ensures efficient management of the country&#8217;s limited resources (radio frequency spectrum and numbering) and approval of technical projects for the installation of radio equipment, creating the conditions for the development of the electronic communications market in accordance with the interests of society and the state, as well as providing high added value and quality commercial services.<br \/>\nOne of the main objectives of\u00a0VASES within\u00a0the project is to investigate the possibility of integrating QKD networks into different wireless communication systems, while testing and evaluating the impact of different system configuration parameters on data transmission quality performance. Based on the growth and development trends of wireless technologies, the prototype experimental communication network will implement several scenarios with two widely used wireless technologies &#8211; 5G and Wi-Fi.\u00a0 Based on the results of the research carried out by\u00a0VASES, it will be possible to assess the resilience of the experimental network to external factors such as radio interference) as well as the impact of internal factors (signal modulation, frequency band, data rate, etc.) on the overall performance of the experimental network.<br \/>\nThe results will allow to draw conclusions and prepare proposals on standardisation and conformity assessment of QKD devices related to their integration in various wireless communication systems. \u202fThe integration of quantum technologies in wireless networks is expected to improve the security of data transmission, enable the development of new services and contribute to the continuity of service availability.<\/span>[\/vc_column_text][\/vc_column][vc_column width=&#8221;1\/3&#8243;][vc_single_image image=&#8221;12390&#8243; img_size=&#8221;full&#8221; css=&#8221;&#8221;]\n<div class=\"born-spacer is-medium\"><\/div>[\/vc_column][\/vc_row][vc_row][vc_column][vc_column_text css=&#8221;&#8221;]<em>Information updated on 28.11.2024.<\/em>[\/vc_column_text][\/vc_column][\/vc_row]<\/p>\n<\/div>","protected":false},"excerpt":{"rendered":"<p>[vc_row][vc_column][vc_column_text css=&#8221;&#8221;] Partners [\/vc_column_text][\/vc_column][\/vc_row][vc_row][vc_column width=&#8221;1\/2&#8243;][vc_single_image image=&#8221;13029&#8243; img_size=&#8221;large&#8221;][\/vc_column][vc_column width=&#8221;1\/2&#8243;][vc_single_image image=&#8221;13027&#8243; img_size=&#8221;medium&#8221; onclick=&#8221;custom_link&#8221; link=&#8221;https:\/\/digital-strategy.ec.europa.eu\/en\/policies\/european-quantum-communication-infrastructure-euroqci&#8221;][\/vc_column][\/vc_row][vc_row][vc_column width=&#8221;1\/3&#8243;][vc_single_image image=&#8221;5764&#8243; img_size=&#8221;full&#8221; css=&#8221;&#8221;][\/vc_column][vc_column width=&#8221;2\/3&#8243;][vc_column_text css=&#8221;&#8221;] Latvia State Radio and Television Center LVRTC is a 100% state owned company that is tasked with ensuring that every person in Latvia is able to quickly and securely receive and transmit information. Since its establishment, the<\/p>\n","protected":false},"author":9,"featured_media":0,"parent":12368,"menu_order":0,"comment_status":"closed","ping_status":"closed","template":"page-templates\/landing.php","meta":{"_acf_changed":false,"inline_featured_image":false,"footnotes":""},"class_list":["post-26221","page","type-page","status-publish","hentry"],"acf":[],"yoast_head":"<!-- This site is optimized with the Yoast SEO plugin v27.3 - https:\/\/yoast.com\/product\/yoast-seo-wordpress\/ -->\n<title>Partners - LVRTC<\/title>\n<meta name=\"robots\" content=\"index, follow, max-snippet:-1, max-image-preview:large, max-video-preview:-1\" \/>\n<link rel=\"canonical\" href=\"https:\/\/www.lvrtc.lv\/en\/quantum\/partners\/\" \/>\n<meta property=\"og:locale\" content=\"en_US\" \/>\n<meta property=\"og:type\" content=\"article\" \/>\n<meta property=\"og:title\" content=\"Partners - LVRTC\" \/>\n<meta property=\"og:description\" content=\"[vc_row][vc_column][vc_column_text css=&#8221;&#8221;] Partners [\/vc_column_text][\/vc_column][\/vc_row][vc_row][vc_column width=&#8221;1\/2&#8243;][vc_single_image image=&#8221;13029&#8243; img_size=&#8221;large&#8221;][\/vc_column][vc_column width=&#8221;1\/2&#8243;][vc_single_image image=&#8221;13027&#8243; img_size=&#8221;medium&#8221; onclick=&#8221;custom_link&#8221; link=&#8221;https:\/\/digital-strategy.ec.europa.eu\/en\/policies\/european-quantum-communication-infrastructure-euroqci&#8221;][\/vc_column][\/vc_row][vc_row][vc_column width=&#8221;1\/3&#8243;][vc_single_image image=&#8221;5764&#8243; img_size=&#8221;full&#8221; css=&#8221;&#8221;][\/vc_column][vc_column width=&#8221;2\/3&#8243;][vc_column_text css=&#8221;&#8221;] Latvia State Radio and Television Center LVRTC is a 100% state owned company that is tasked with ensuring that every person in Latvia is able to quickly and securely receive and transmit information. Since its establishment, the\" \/>\n<meta property=\"og:url\" content=\"https:\/\/www.lvrtc.lv\/en\/quantum\/partners\/\" \/>\n<meta property=\"og:site_name\" content=\"LVRTC\" \/>\n<meta property=\"article:modified_time\" content=\"2025-08-25T14:16:23+00:00\" \/>\n<meta name=\"twitter:card\" content=\"summary_large_image\" \/>\n<meta name=\"twitter:label1\" content=\"Est. reading time\" \/>\n\t<meta name=\"twitter:data1\" content=\"5 minutes\" \/>\n<script type=\"application\/ld+json\" class=\"yoast-schema-graph\">{\"@context\":\"https:\\\/\\\/schema.org\",\"@graph\":[{\"@type\":\"WebPage\",\"@id\":\"https:\\\/\\\/www.lvrtc.lv\\\/en\\\/quantum\\\/partners\\\/\",\"url\":\"https:\\\/\\\/www.lvrtc.lv\\\/en\\\/quantum\\\/partners\\\/\",\"name\":\"Partners - LVRTC\",\"isPartOf\":{\"@id\":\"https:\\\/\\\/www.lvrtc.lv\\\/en\\\/#website\"},\"datePublished\":\"2024-11-28T12:14:57+00:00\",\"dateModified\":\"2025-08-25T14:16:23+00:00\",\"breadcrumb\":{\"@id\":\"https:\\\/\\\/www.lvrtc.lv\\\/en\\\/quantum\\\/partners\\\/#breadcrumb\"},\"inLanguage\":\"en-US\",\"potentialAction\":[{\"@type\":\"ReadAction\",\"target\":[\"https:\\\/\\\/www.lvrtc.lv\\\/en\\\/quantum\\\/partners\\\/\"]}]},{\"@type\":\"BreadcrumbList\",\"@id\":\"https:\\\/\\\/www.lvrtc.lv\\\/en\\\/quantum\\\/partners\\\/#breadcrumb\",\"itemListElement\":[{\"@type\":\"ListItem\",\"position\":1,\"name\":\"Home\",\"item\":\"https:\\\/\\\/www.lvrtc.lv\\\/en\\\/\"},{\"@type\":\"ListItem\",\"position\":2,\"name\":\"Deploying advanced national QCI systems and networks\",\"item\":\"https:\\\/\\\/www.lvrtc.lv\\\/en\\\/quantum\\\/\"},{\"@type\":\"ListItem\",\"position\":3,\"name\":\"Partners\"}]},{\"@type\":\"WebSite\",\"@id\":\"https:\\\/\\\/www.lvrtc.lv\\\/en\\\/#website\",\"url\":\"https:\\\/\\\/www.lvrtc.lv\\\/en\\\/\",\"name\":\"LVRTC\",\"description\":\"LVRTC\",\"potentialAction\":[{\"@type\":\"SearchAction\",\"target\":{\"@type\":\"EntryPoint\",\"urlTemplate\":\"https:\\\/\\\/www.lvrtc.lv\\\/en\\\/?s={search_term_string}\"},\"query-input\":{\"@type\":\"PropertyValueSpecification\",\"valueRequired\":true,\"valueName\":\"search_term_string\"}}],\"inLanguage\":\"en-US\"}]}<\/script>\n<!-- \/ Yoast SEO plugin. -->","yoast_head_json":{"title":"Partners - LVRTC","robots":{"index":"index","follow":"follow","max-snippet":"max-snippet:-1","max-image-preview":"max-image-preview:large","max-video-preview":"max-video-preview:-1"},"canonical":"https:\/\/www.lvrtc.lv\/en\/quantum\/partners\/","og_locale":"en_US","og_type":"article","og_title":"Partners - LVRTC","og_description":"[vc_row][vc_column][vc_column_text css=&#8221;&#8221;] Partners [\/vc_column_text][\/vc_column][\/vc_row][vc_row][vc_column width=&#8221;1\/2&#8243;][vc_single_image image=&#8221;13029&#8243; img_size=&#8221;large&#8221;][\/vc_column][vc_column width=&#8221;1\/2&#8243;][vc_single_image image=&#8221;13027&#8243; img_size=&#8221;medium&#8221; onclick=&#8221;custom_link&#8221; link=&#8221;https:\/\/digital-strategy.ec.europa.eu\/en\/policies\/european-quantum-communication-infrastructure-euroqci&#8221;][\/vc_column][\/vc_row][vc_row][vc_column width=&#8221;1\/3&#8243;][vc_single_image image=&#8221;5764&#8243; img_size=&#8221;full&#8221; css=&#8221;&#8221;][\/vc_column][vc_column width=&#8221;2\/3&#8243;][vc_column_text css=&#8221;&#8221;] Latvia State Radio and Television Center LVRTC is a 100% state owned company that is tasked with ensuring that every person in Latvia is able to quickly and securely receive and transmit information. Since its establishment, the","og_url":"https:\/\/www.lvrtc.lv\/en\/quantum\/partners\/","og_site_name":"LVRTC","article_modified_time":"2025-08-25T14:16:23+00:00","twitter_card":"summary_large_image","twitter_misc":{"Est. reading time":"5 minutes"},"schema":{"@context":"https:\/\/schema.org","@graph":[{"@type":"WebPage","@id":"https:\/\/www.lvrtc.lv\/en\/quantum\/partners\/","url":"https:\/\/www.lvrtc.lv\/en\/quantum\/partners\/","name":"Partners - LVRTC","isPartOf":{"@id":"https:\/\/www.lvrtc.lv\/en\/#website"},"datePublished":"2024-11-28T12:14:57+00:00","dateModified":"2025-08-25T14:16:23+00:00","breadcrumb":{"@id":"https:\/\/www.lvrtc.lv\/en\/quantum\/partners\/#breadcrumb"},"inLanguage":"en-US","potentialAction":[{"@type":"ReadAction","target":["https:\/\/www.lvrtc.lv\/en\/quantum\/partners\/"]}]},{"@type":"BreadcrumbList","@id":"https:\/\/www.lvrtc.lv\/en\/quantum\/partners\/#breadcrumb","itemListElement":[{"@type":"ListItem","position":1,"name":"Home","item":"https:\/\/www.lvrtc.lv\/en\/"},{"@type":"ListItem","position":2,"name":"Deploying advanced national QCI systems and networks","item":"https:\/\/www.lvrtc.lv\/en\/quantum\/"},{"@type":"ListItem","position":3,"name":"Partners"}]},{"@type":"WebSite","@id":"https:\/\/www.lvrtc.lv\/en\/#website","url":"https:\/\/www.lvrtc.lv\/en\/","name":"LVRTC","description":"LVRTC","potentialAction":[{"@type":"SearchAction","target":{"@type":"EntryPoint","urlTemplate":"https:\/\/www.lvrtc.lv\/en\/?s={search_term_string}"},"query-input":{"@type":"PropertyValueSpecification","valueRequired":true,"valueName":"search_term_string"}}],"inLanguage":"en-US"}]}},"_links":{"self":[{"href":"https:\/\/www.lvrtc.lv\/en\/wp-json\/wp\/v2\/pages\/26221","targetHints":{"allow":["GET"]}}],"collection":[{"href":"https:\/\/www.lvrtc.lv\/en\/wp-json\/wp\/v2\/pages"}],"about":[{"href":"https:\/\/www.lvrtc.lv\/en\/wp-json\/wp\/v2\/types\/page"}],"author":[{"embeddable":true,"href":"https:\/\/www.lvrtc.lv\/en\/wp-json\/wp\/v2\/users\/9"}],"replies":[{"embeddable":true,"href":"https:\/\/www.lvrtc.lv\/en\/wp-json\/wp\/v2\/comments?post=26221"}],"version-history":[{"count":5,"href":"https:\/\/www.lvrtc.lv\/en\/wp-json\/wp\/v2\/pages\/26221\/revisions"}],"predecessor-version":[{"id":34231,"href":"https:\/\/www.lvrtc.lv\/en\/wp-json\/wp\/v2\/pages\/26221\/revisions\/34231"}],"up":[{"embeddable":true,"href":"https:\/\/www.lvrtc.lv\/en\/wp-json\/wp\/v2\/pages\/12368"}],"wp:attachment":[{"href":"https:\/\/www.lvrtc.lv\/en\/wp-json\/wp\/v2\/media?parent=26221"}],"curies":[{"name":"wp","href":"https:\/\/api.w.org\/{rel}","templated":true}]}}